{"id":51,"date":"2017-02-28T17:53:22","date_gmt":"2017-02-28T16:53:22","guid":{"rendered":"http:\/\/www.sgm-hessheim.de\/wordpress\/?page_id=51"},"modified":"2025-02-11T15:17:30","modified_gmt":"2025-02-11T14:17:30","slug":"allgemein","status":"publish","type":"page","link":"http:\/\/www.sgm-hessheim.de\/wordpress\/textarchiv\/allgemein\/","title":{"rendered":"Texte &#8211; Allgemein"},"content":{"rendered":"<p>[et_pb_section fb_built=&#8220;1&#8243; admin_label=&#8220;section&#8220; _builder_version=&#8220;3.22&#8243; global_colors_info=&#8220;{}&#8220;][et_pb_row admin_label=&#8220;row&#8220; _builder_version=&#8220;3.25&#8243; background_size=&#8220;initial&#8220; background_position=&#8220;top_left&#8220; background_repeat=&#8220;repeat&#8220; global_colors_info=&#8220;{}&#8220;][et_pb_column type=&#8220;4_4&#8243; _builder_version=&#8220;3.25&#8243; custom_padding=&#8220;|||&#8220; global_colors_info=&#8220;{}&#8220; custom_padding__hover=&#8220;|||&#8220;][et_pb_text _builder_version=&#8220;4.13.0&#8243; _module_preset=&#8220;default&#8220; hover_enabled=&#8220;0&#8243; global_colors_info=&#8220;{}&#8220; sticky_enabled=&#8220;0&#8243;]<\/p>\n<p style=\"margin-left: 1.25cm; margin-bottom: 0cm;\">Die hier verf\u00fcgbare Satzung mit Stand 21.11.2013 wurde \u00fcberarbeitet. Dem vorgelegten Entwurf wurde in der Mitgliederversammlung vom 28.11.2024 einstimmig zugestimmt.<\/p>\n<p style=\"margin-left: 1.25cm; margin-bottom: 0cm;\">Die der bisherigen Satzung anh\u00e4ngende Beitragsordnung wurde gem\u00e4\u00df Beschluss der Mitgliederversammlung vom 28.11.2024 f\u00fcr ung\u00fcltig erkl\u00e4rt und stattdessen eine neue, eigenst\u00e4ndige Beitragsordnung beschlossen. Diese finden Sie<a href=\"http:\/\/www.sgm-hessheim.de\/wordpress\/wp-content\/uploads\/2025\/02\/SGM-Beitragsordnung-Stand-20241128_final.pdf\" target=\"_blank\" rel=\"noopener\"> <b>hier<\/b><\/a>.<\/p>\n<p style=\"margin-left: 1.25cm; margin-bottom: 0cm;\">Bitte beachten Sie die neuen Beitragss\u00e4tze<\/p>\n<p style=\"margin-left: 1.25cm; margin-bottom: 0cm;\">Die neue Satzung befindet sich aktuell in der Pr\u00fcfung beim Registergericht. Nach erfolgter Eintragung wird die neue Satzung auf dieser Seite zur Verf\u00fcgung gestellt werden.<\/p>\n<p>[\/et_pb_text][et_pb_text admin_label=&#8220;Text&#8220; _builder_version=&#8220;4.13.0&#8243; background_size=&#8220;initial&#8220; background_position=&#8220;top_left&#8220; background_repeat=&#8220;repeat&#8220; border_style=&#8220;solid&#8220; global_colors_info=&#8220;{}&#8220;]<\/p>\n<table class=\" alignleft\" style=\"width: 300px;\" border=\"0\" cellspacing=\"0\" cellpadding=\"0\">\n<tbody>\n<tr>\n<td style=\"width: 230px;\"><a href=\"http:\/\/www.sgm-hessheim.de\/wordpress\/wp-content\/uploads\/2018\/01\/SATZUNG-2013_11_21.pdf\" target=\"_blank\" rel=\"noopener\"><img loading=\"lazy\" class=\"alignnone wp-image-289\" src=\"http:\/\/www.sgm-hessheim.de\/wordpress\/wp-content\/uploads\/2017\/02\/PDF-300x228.png\" alt=\"\" width=\"49\" height=\"41\" \/><\/a><\/td>\n<td style=\"width: 350px;\">Satzung (bisher)<\/td>\n<td style=\"width: 98px;\"><\/td>\n<\/tr>\n<\/tbody>\n<\/table>\n<p><strong>\u00a0<\/strong><\/p>\n<p>[\/et_pb_text][\/et_pb_column][\/et_pb_row][et_pb_row _builder_version=&#8220;4.13.0&#8243; _module_preset=&#8220;default&#8220; global_colors_info=&#8220;{}&#8220;][et_pb_column type=&#8220;4_4&#8243; _builder_version=&#8220;4.13.0&#8243; _module_preset=&#8220;default&#8220; global_colors_info=&#8220;{}&#8220;][\/et_pb_column][\/et_pb_row][\/et_pb_section]<\/p>\n","protected":false},"excerpt":{"rendered":"<p>Die hier verf\u00fcgbare Satzung mit Stand 21.11.2013&#8230;<\/p>\n","protected":false},"author":2,"featured_media":0,"parent":20,"menu_order":0,"comment_status":"closed","ping_status":"closed","template":"","meta":{"_et_pb_use_builder":"on","_et_pb_old_content":"<p><strong>\u00a0<\/strong><\/p>","_et_gb_content_width":""},"_links":{"self":[{"href":"http:\/\/www.sgm-hessheim.de\/wordpress\/wp-json\/wp\/v2\/pages\/51"}],"collection":[{"href":"http:\/\/www.sgm-hessheim.de\/wordpress\/wp-json\/wp\/v2\/pages"}],"about":[{"href":"http:\/\/www.sgm-hessheim.de\/wordpress\/wp-json\/wp\/v2\/types\/page"}],"author":[{"embeddable":true,"href":"http:\/\/www.sgm-hessheim.de\/wordpress\/wp-json\/wp\/v2\/users\/2"}],"replies":[{"embeddable":true,"href":"http:\/\/www.sgm-hessheim.de\/wordpress\/wp-json\/wp\/v2\/comments?post=51"}],"version-history":[{"count":15,"href":"http:\/\/www.sgm-hessheim.de\/wordpress\/wp-json\/wp\/v2\/pages\/51\/revisions"}],"predecessor-version":[{"id":628,"href":"http:\/\/www.sgm-hessheim.de\/wordpress\/wp-json\/wp\/v2\/pages\/51\/revisions\/628"}],"up":[{"embeddable":true,"href":"http:\/\/www.sgm-hessheim.de\/wordpress\/wp-json\/wp\/v2\/pages\/20"}],"wp:attachment":[{"href":"http:\/\/www.sgm-hessheim.de\/wordpress\/wp-json\/wp\/v2\/media?parent=51"}],"curies":[{"name":"wp","href":"https:\/\/api.w.org\/{rel}","templated":true}]}}