{"id":22,"date":"2016-04-26T15:32:05","date_gmt":"2016-04-26T13:32:05","guid":{"rendered":"http:\/\/www.sgm-hessheim.de\/wordpress\/?page_id=22"},"modified":"2025-02-11T15:01:18","modified_gmt":"2025-02-11T14:01:18","slug":"kontaktimpressum","status":"publish","type":"page","link":"http:\/\/www.sgm-hessheim.de\/wordpress\/kontaktimpressum\/","title":{"rendered":"Kontakt\/Impressum"},"content":{"rendered":"<p>[et_pb_section fb_built=&#8220;1&#8243; admin_label=&#8220;section&#8220; _builder_version=&#8220;3.22&#8243; background_color=&#8220;rgba(255,255,255,0)&#8220; custom_padding=&#8220;42.4px|30px|30px|30px&#8220; global_colors_info=&#8220;{}&#8220;][et_pb_row custom_padding_last_edited=&#8220;on|tablet&#8220; admin_label=&#8220;row&#8220; _builder_version=&#8220;3.25&#8243; background_size=&#8220;initial&#8220; background_position=&#8220;top_left&#8220; background_repeat=&#8220;repeat&#8220; custom_padding=&#8220;|||&#8220; custom_padding_tablet=&#8220;&#8220; custom_padding_phone=&#8220;&#8220; global_colors_info=&#8220;{}&#8220;][et_pb_column type=&#8220;4_4&#8243; _builder_version=&#8220;3.25&#8243; custom_padding=&#8220;|||&#8220; global_colors_info=&#8220;{}&#8220; custom_padding__hover=&#8220;|||&#8220;][et_pb_text admin_label=&#8220;Text&#8220; _builder_version=&#8220;3.27.4&#8243; background_size=&#8220;initial&#8220; background_position=&#8220;top_left&#8220; background_repeat=&#8220;repeat&#8220; global_colors_info=&#8220;{}&#8220;]<\/p>\n<p><strong>Verantwortlich f\u00fcr den Inhalt dieser Internetpr\u00e4senz:<br \/><\/strong><strong>Schutzgemeinschaft gegen M\u00fclldeponie e.V.<\/strong><\/p>\n<p>[\/et_pb_text][\/et_pb_column][\/et_pb_row][\/et_pb_section][et_pb_section fb_built=&#8220;1&#8243; _builder_version=&#8220;3.22&#8243; background_color=&#8220;rgba(255,255,255,0)&#8220; custom_padding=&#8220;0px|30px|42.4px|30px&#8220; global_colors_info=&#8220;{}&#8220;][et_pb_row _builder_version=&#8220;3.25&#8243; custom_padding=&#8220;||15px|&#8220; global_colors_info=&#8220;{}&#8220;][et_pb_column type=&#8220;4_4&#8243; _builder_version=&#8220;3.25&#8243; custom_padding=&#8220;|||&#8220; global_colors_info=&#8220;{}&#8220; custom_padding__hover=&#8220;|||&#8220;][et_pb_text _builder_version=&#8220;3.27.4&#8243; global_colors_info=&#8220;{}&#8220;]<\/p>\n<p style=\"margin-bottom: 0cm;\"><strong>1. Vorsitzender:<\/strong><\/p>\n<p style=\"margin-bottom: 0cm;\">Michael Hieronimus<br \/>7258 He\u00dfheim<br \/>Hauptstr. 7<\/p>\n<p style=\"margin-bottom: 0cm;\">Telefon: 06233 \/ 375285<br \/>Mail:\u00a0<a href=\"mailto:m.hieronimus@sgm-hessheim.de\">m.hieronimus@sgm-hessheim.de<\/a><\/p>\n<p>[\/et_pb_text][\/et_pb_column][\/et_pb_row][et_pb_row _builder_version=&#8220;3.25&#8243; custom_padding=&#8220;||15px|&#8220; global_colors_info=&#8220;{}&#8220;][et_pb_column type=&#8220;4_4&#8243; _builder_version=&#8220;3.25&#8243; custom_padding=&#8220;|||&#8220; global_colors_info=&#8220;{}&#8220; custom_padding__hover=&#8220;|||&#8220;][et_pb_text _builder_version=&#8220;3.27.4&#8243; global_colors_info=&#8220;{}&#8220;]<\/p>\n<p style=\"margin-bottom: 0cm;\"><b>Kassenwart:<\/b><\/p>\n<p style=\"margin-bottom: 0cm;\">Dorothee Kramer-Lutz<br \/>Riedstr. 5<br \/>67258 He\u00dfheim<\/p>\n<p style=\"margin-bottom: 0cm;\">Telefon: 06233 \/ 70233<\/p>\n<p>[\/et_pb_text][\/et_pb_column][\/et_pb_row][et_pb_row _builder_version=&#8220;3.25&#8243; custom_padding=&#8220;||15px|&#8220; global_colors_info=&#8220;{}&#8220;][et_pb_column type=&#8220;4_4&#8243; _builder_version=&#8220;3.25&#8243; custom_padding=&#8220;|||&#8220; global_colors_info=&#8220;{}&#8220; custom_padding__hover=&#8220;|||&#8220;][et_pb_text _builder_version=&#8220;3.27.4&#8243; global_colors_info=&#8220;{}&#8220;]<\/p>\n<p style=\"margin-bottom: 0cm;\"><b>Schriftf\u00fchrer:<\/b><\/p>\n<p style=\"margin-bottom: 0cm;\">Klemens Lutz<br \/>Riedstr. 5<br \/>67258 He\u00dfheim<\/p>\n<p style=\"margin-bottom: 0cm;\">Telefon: 06233 \/ 70233<\/p>\n<p>[\/et_pb_text][\/et_pb_column][\/et_pb_row][\/et_pb_section][et_pb_section fb_built=&#8220;1&#8243; _builder_version=&#8220;3.22&#8243; background_color=&#8220;rgba(255,255,255,0)&#8220; custom_padding=&#8220;0px|0px|0px|0px&#8220; global_colors_info=&#8220;{}&#8220;][et_pb_row _builder_version=&#8220;3.25&#8243; custom_padding=&#8220;21.2px|0px|3px|0px&#8220; global_colors_info=&#8220;{}&#8220;][et_pb_column type=&#8220;4_4&#8243; _builder_version=&#8220;3.25&#8243; custom_padding=&#8220;|||&#8220; global_colors_info=&#8220;{}&#8220; custom_padding__hover=&#8220;|||&#8220;][et_pb_divider color=&#8220;#c4c4c4&#8243; divider_weight=&#8220;3px&#8220; disabled_on=&#8220;on|on|off&#8220; _builder_version=&#8220;3.2&#8243; global_colors_info=&#8220;{}&#8220;][\/et_pb_divider][\/et_pb_column][\/et_pb_row][\/et_pb_section][et_pb_section fb_built=&#8220;1&#8243; _builder_version=&#8220;3.22&#8243; background_color=&#8220;rgba(255,255,255,0)&#8220; custom_padding=&#8220;0px|30px|1px|30px&#8220; global_colors_info=&#8220;{}&#8220;][et_pb_row column_structure=&#8220;1_2,1_2&#8243; _builder_version=&#8220;3.25&#8243; custom_padding=&#8220;2px|||&#8220; global_colors_info=&#8220;{}&#8220;][et_pb_column type=&#8220;1_2&#8243; _builder_version=&#8220;3.25&#8243; custom_padding=&#8220;|||&#8220; global_colors_info=&#8220;{}&#8220; custom_padding__hover=&#8220;|||&#8220;][et_pb_text _builder_version=&#8220;3.27.4&#8243; custom_margin=&#8220;20px|||&#8220; global_colors_info=&#8220;{}&#8220;]<\/p>\n<p>Design &#038; Programmierung:<br \/> <em><a href=\"http:\/\/www.derwerbeservice.de\" target=\"_blank\" rel=\"noopener noreferrer\">derwerbeservice.de<\/a><br \/> <\/em><em>Franz Brossart<\/em><\/p>\n<p>[\/et_pb_text][\/et_pb_column][et_pb_column type=&#8220;1_2&#8243; _builder_version=&#8220;3.25&#8243; custom_padding=&#8220;|||&#8220; global_colors_info=&#8220;{}&#8220; custom_padding__hover=&#8220;|||&#8220;][et_pb_image src=&#8220;http:\/\/www.sgm-hessheim.de\/wordpress\/wp-content\/uploads\/2018\/10\/Logo-eine-Ebene.png&#8220; url=&#8220;http:\/\/www.derwerbeservice.de&#8220; url_new_window=&#8220;on&#8220; align_tablet=&#8220;center&#8220; align_phone=&#8220;center&#8220; align_last_edited=&#8220;on|desktop&#8220; _builder_version=&#8220;3.23&#8243; animation_style=&#8220;slide&#8220; animation_direction=&#8220;left&#8220; animation_duration=&#8220;500ms&#8220; animation_intensity_slide=&#8220;10%&#8220; global_colors_info=&#8220;{}&#8220;][\/et_pb_image][\/et_pb_column][\/et_pb_row][\/et_pb_section][et_pb_section fb_built=&#8220;1&#8243; _builder_version=&#8220;3.22&#8243; background_color=&#8220;rgba(255,255,255,0)&#8220; custom_padding=&#8220;0px|0px|0px|0px&#8220; global_colors_info=&#8220;{}&#8220;][et_pb_row _builder_version=&#8220;3.25&#8243; custom_padding=&#8220;21.2px|0px|6px|0px&#8220; global_colors_info=&#8220;{}&#8220;][et_pb_column type=&#8220;4_4&#8243; _builder_version=&#8220;3.25&#8243; custom_padding=&#8220;|||&#8220; global_colors_info=&#8220;{}&#8220; custom_padding__hover=&#8220;|||&#8220;][et_pb_divider color=&#8220;#c4c4c4&#8243; divider_weight=&#8220;3px&#8220; disabled_on=&#8220;on|on|off&#8220; _builder_version=&#8220;3.2&#8243; global_colors_info=&#8220;{}&#8220;][\/et_pb_divider][\/et_pb_column][\/et_pb_row][\/et_pb_section][et_pb_section fb_built=&#8220;1&#8243; _builder_version=&#8220;3.22&#8243; background_color=&#8220;rgba(255,255,255,0)&#8220; custom_padding=&#8220;|30px||30px&#8220; global_colors_info=&#8220;{}&#8220;][et_pb_row _builder_version=&#8220;3.25&#8243; custom_padding=&#8220;|||&#8220; global_colors_info=&#8220;{}&#8220;][et_pb_column type=&#8220;4_4&#8243; _builder_version=&#8220;3.25&#8243; custom_padding=&#8220;|||&#8220; global_colors_info=&#8220;{}&#8220; custom_padding__hover=&#8220;|||&#8220;][et_pb_text _builder_version=&#8220;3.27.4&#8243; global_colors_info=&#8220;{}&#8220;]<\/p>\n<p style=\"text-align: justify;\">Haftung f\u00fcr Inhalte<br \/> <em>Wir bem\u00fchen uns die Inhalte unserer Seite aktuell zu halten. Trotz sorgf\u00e4ltiger Bearbeitung bleibt eine Haftung ausgeschlossen.<\/em><\/p>\n<p style=\"text-align: justify;\"><em>Als Diensteanbieter sind wir gem\u00e4\u00df \u00a7 7 Abs.1 TMG f\u00fcr eigene Inhalte auf diesen Seiten nach den allgemeinen Gesetzen verantwortlich. <\/em><br \/> <em>Nach \u00a7\u00a7 8 bis 10 TMG sind wir als Diensteanbieter jedoch nicht verpflichtet, \u00fcbermittelte oder gespeicherte fremde Informationen zu \u00fcberwachen. Bei bekannt werden von Rechtsverletzungen, werden wir diese Inhalte umgehend entfernen. Eine diesbez\u00fcgliche Haftung \u00fcbernehmen wir erst ab dem Zeitpunkt der Kenntnis einer m\u00f6glichen Rechtsverletzung. <\/em><\/p>\n<p style=\"text-align: justify;\">Haftung f\u00fcr Links<br \/> <em>Unser Angebot enth\u00e4lt Links zu externen Webseiten Dritter, auf deren Inhalte wir keinen Einfluss haben.<\/em><br \/> <em>F\u00fcr die Inhalte der verlinkten Seiten ist stets der jeweilige Anbieter oder Betreiber der Seiten verantwortlich.<\/em><br \/> <em>F\u00fcr die Inhalte und die Richtigkeit der Informationen verlinkter Websites fremder Informationsanbieter wird keine Gew\u00e4hr \u00fcbernommen.\u00a0 \u00a0<\/em><br \/> <em>\u00a0<\/em><br \/> <em>Die verlinkten Seiten wurden zum Zeitpunkt der Verlinkung auf m\u00f6gliche Rechtsverst\u00f6\u00dfe OHNE BEANSTANDUNG \u00fcberpr\u00fcft. Bei bekannt werden von Rechtsverletzungen werden wir derartige Links umgehend entfernen.<\/em><\/p>\n<p style=\"text-align: justify;\">Urheberrecht<br \/> <em>Die durch die Seitenbetreiber erstellten Inhalte und Werke auf diesen Seiten unterliegen dem deutschen <\/em><em>Urheberrecht. Die Vervielf\u00e4ltigung, Bearbeitung, Verbreitung und jede Art der Verwertung au\u00dferhalb der <\/em><em>Grenzen des Urheberrechtes bed\u00fcrfen der schriftlichen Zustimmung des jeweiligen Autors bzw. Erstellers.<\/em><\/p>\n<p style=\"text-align: justify;\">Datenschutz<em><br \/> Wir weisen darauf hin, dass die Daten\u00fcbertragung im Internet (z.B. bei der Kommunikation per E-Mail) Sicherheitsl\u00fccken aufweisen kann. Ein l\u00fcckenloser Schutz der Daten vor dem Zugriff durch Dritte ist nicht m\u00f6glich. Eine Vertraulichkeit im Hinblick auf die Datenschutzbestimmungen wird nur unter der vorstehenden Einschr\u00e4nkung gew\u00e4hrleistet. Insbesondere sollen alle Mitteilungen von personenbezogenen Daten \u00fcber das Internet nur erfolgen, soweit nicht Rechte Dritter ber\u00fchrt werden. Es sei denn der Dritte hat in Kenntnis der vorstehenden Sicherheitsl\u00fccken ebenfalls seine Zustimmung erkl\u00e4rt. Eine Haftung des Seitenbetreibers wird f\u00fcr die durch solche Sicherheitsl\u00fccken entstehenden Sch\u00e4den oder Unterlassungsanspr\u00fcche ausgeschlossen.<\/em><\/p>\n<p style=\"text-align: justify;\">Der Nutzung von allen ver\u00f6ffentlichten Kontaktdaten durch Dritte zur \u00dcbersendung von nicht ausdr\u00fccklich angeforderter Werbung wird widersprochen. Die Betreiber der Seiten behalten sich ausdr\u00fccklich rechtliche Schritte im Falle der unverlangten Zusendung von Werbeinformationen, etwa durch Spam-Mails, vor.<\/p>\n<p style=\"text-align: justify;\">Online-Streitbeilegung gem\u00e4\u00df Art. 14 Abs. 1 ODR-VO: Die Europ\u00e4ische Kommission stellt eine Plattform zur Online-Streitbeilegung (OS) bereit, die Sie unter <a title=\"Online-Streitbeilegung der Europ\u00e4ischen Kommission\" href=\"http:\/\/ec.europa.eu\/consumers\/odr\/\" target=\"_blank\" rel=\"nofollow noopener noreferrer\">http:\/\/ec.europa.eu\/consumers\/odr\/<\/a> finden.<\/p>\n<h6 style=\"text-align: justify;\">Quelle: S&#038;K Rechtsanw\u00e4lte www.streifler.de<\/h6>\n<p>[\/et_pb_text][\/et_pb_column][\/et_pb_row][et_pb_row _builder_version=&#8220;3.25&#8243; custom_padding=&#8220;|||&#8220; global_colors_info=&#8220;{}&#8220;][et_pb_column type=&#8220;4_4&#8243; _builder_version=&#8220;3.25&#8243; custom_padding=&#8220;|||&#8220; global_colors_info=&#8220;{}&#8220; custom_padding__hover=&#8220;|||&#8220;][et_pb_text _builder_version=&#8220;3.27.4&#8243; global_colors_info=&#8220;{}&#8220;]<\/p>\n<p><span style=\"font-size: small;\"><em>Zur Illustration unserer Banner wurde ein kostenloses Foto der Firma <a href=\"http:\/\/www.freepik.com\">www.freepik.com<\/a> verwendet.<\/em><\/span><\/p>\n<p>[\/et_pb_text][\/et_pb_column][\/et_pb_row][\/et_pb_section]<\/p>\n","protected":false},"excerpt":{"rendered":"<p>Verantwortlich f\u00fcr den Inhalt dieser&#8230;<\/p>\n","protected":false},"author":1,"featured_media":0,"parent":0,"menu_order":10,"comment_status":"closed","ping_status":"closed","template":"","meta":{"_et_pb_use_builder":"on","_et_pb_old_content":"<strong>Verantwortlich f\u00fcr den Inhalt dieser Internetpr\u00e4senz:\r\n\r\nSchutzgemeinschaft gegen M\u00fclldeponie e.V.\r\n<\/strong>\r\n<table>\r\n<tbody>\r\n<tr>\r\n<td>1. Vorsitzende:\r\nUlrike Bonifer\r\n67258 He\u00dfheim\r\nLindenweg 5Telefon: 06233\/70392\r\n\r\nMail: <a href=\"mailto:ulrike.bonifer@sgm-hessheim.de\">ulrike.bonifer@sgm-hessheim.de<\/a><\/td>\r\n<td>2. Vorsitzender\/Schriftf\u00fchrer:\r\nMichael Hieronimus\r\n7258 He\u00dfheim\r\nHauptstr. 7Telefon: 06233\/ 375285\r\n\r\nMail: <a href=\"mailto:m.hieronimus@sgm-hessheim.de\">m.hieronimus@sgm-hessheim.de<\/a><\/td>\r\n<\/tr>\r\n<tr>\r\n<td>Kassenwart:\r\nRichmut Melchior\r\nWeinberg 7 F\r\n67258 He\u00dfheimTelefon: 06233\/70552\r\n\r\nMail: <a href=\"mailto:r.melchior@sgm-hessheim.de\">r.melchior@sgm-hessheim.de<\/a><\/td>\r\n<td><\/td>\r\n<\/tr>\r\n<\/tbody>\r\n<\/table>\r\n&nbsp;","_et_gb_content_width":""},"_links":{"self":[{"href":"http:\/\/www.sgm-hessheim.de\/wordpress\/wp-json\/wp\/v2\/pages\/22"}],"collection":[{"href":"http:\/\/www.sgm-hessheim.de\/wordpress\/wp-json\/wp\/v2\/pages"}],"about":[{"href":"http:\/\/www.sgm-hessheim.de\/wordpress\/wp-json\/wp\/v2\/types\/page"}],"author":[{"embeddable":true,"href":"http:\/\/www.sgm-hessheim.de\/wordpress\/wp-json\/wp\/v2\/users\/1"}],"replies":[{"embeddable":true,"href":"http:\/\/www.sgm-hessheim.de\/wordpress\/wp-json\/wp\/v2\/comments?post=22"}],"version-history":[{"count":32,"href":"http:\/\/www.sgm-hessheim.de\/wordpress\/wp-json\/wp\/v2\/pages\/22\/revisions"}],"predecessor-version":[{"id":615,"href":"http:\/\/www.sgm-hessheim.de\/wordpress\/wp-json\/wp\/v2\/pages\/22\/revisions\/615"}],"wp:attachment":[{"href":"http:\/\/www.sgm-hessheim.de\/wordpress\/wp-json\/wp\/v2\/media?parent=22"}],"curies":[{"name":"wp","href":"https:\/\/api.w.org\/{rel}","templated":true}]}}