{"id":2,"date":"2015-07-14T22:02:45","date_gmt":"2015-07-14T20:02:45","guid":{"rendered":"http:\/\/www.sgm-hessheim.de\/wordpress\/?page_id=2"},"modified":"2025-02-11T14:58:20","modified_gmt":"2025-02-11T13:58:20","slug":"beispiel-seite","status":"publish","type":"page","link":"http:\/\/www.sgm-hessheim.de\/wordpress\/beispiel-seite\/","title":{"rendered":"Wir"},"content":{"rendered":"<p>[et_pb_section fb_built=&#8220;1&#8243; admin_label=&#8220;section&#8220; _builder_version=&#8220;3.22&#8243; background_color=&#8220;rgba(255,255,255,0)&#8220; custom_padding=&#8220;42.4px|30px|42.4px|30px&#8220; global_colors_info=&#8220;{}&#8220;][et_pb_row column_structure=&#8220;2_3,1_3&#8243; admin_label=&#8220;Zeile&#8220; _builder_version=&#8220;3.25&#8243; background_size=&#8220;initial&#8220; background_position=&#8220;top_left&#8220; background_repeat=&#8220;repeat&#8220; global_colors_info=&#8220;{}&#8220;][et_pb_column type=&#8220;2_3&#8243; _builder_version=&#8220;3.25&#8243; custom_padding=&#8220;|||&#8220; global_colors_info=&#8220;{}&#8220; custom_padding__hover=&#8220;|||&#8220;][et_pb_text admin_label=&#8220;Text&#8220; _builder_version=&#8220;3.27.4&#8243; background_size=&#8220;initial&#8220; background_position=&#8220;top_left&#8220; background_repeat=&#8220;repeat&#8220; text_orientation=&#8220;justified&#8220; global_colors_info=&#8220;{}&#8220;]<\/p>\n<p>Im Jahre <strong>1979 gr\u00fcndete Franz-Josef Brossart<\/strong> mit weiteren Gr\u00fcndungsmitgliedern die <strong>SGM<\/strong> mit dem Hauptziel: Schlie\u00dfung und Sanierung der Sonderm\u00fclldeponie-Gerolsheim. Verhinderung einer weiteren Ausdehnung der Deponiefl\u00e4che im Bereich der Hausm\u00fcll-Deponie-He\u00dfheim.<\/p>\n<p><strong>Unser 1. Vorsitzender Herr Brossart ist am 20.9.2016 verstorben<\/strong>. Die SGM hat mit ihm einen riesigen Verlust zu verschmerzen, wie Sie alle wissen war Franz Josef Brossart nicht nur Mitbegr\u00fcnder der SGM sondern bis zuletzt ihr Vorsitzender \u2013 er hat in der Vergangenheit die SGM mit seiner starken Pers\u00f6nlichkeit gepr\u00e4gt und geleitet.<\/p>\n<p>Der neue Vorstand wird auch weiterhin ein wachsames Auge auf Ma\u00dfnahmen, Ver\u00e4nderungen und Aktivit\u00e4ten im Bereich der Deponie zwischen He\u00dfheim und Gerolsheim haben.<\/p>\n<p><strong>Die SGM sieht Ihre Aufgabe darin, die Bev\u00f6lkerung fr\u00fchzeitig \u00fcber geplante Aktivit\u00e4ten und m\u00f6gliche Gefahren, die von der Deponie ausgehen k\u00f6nnen zu informieren, sie agiert hierbei als Partner der Gemeinden und Beh\u00f6rden auf Kommunal- Kreis- und Landesebene, um sich dort f\u00fcr die Belange der B\u00fcrger einzusetzen. <\/strong><\/p>\n<p>[\/et_pb_text][\/et_pb_column][et_pb_column type=&#8220;1_3&#8243; _builder_version=&#8220;3.25&#8243; custom_padding=&#8220;|||&#8220; global_colors_info=&#8220;{}&#8220; custom_padding__hover=&#8220;|||&#8220;][et_pb_image src=&#8220;http:\/\/www.sgm-hessheim.de\/wordpress\/wp-content\/uploads\/2015\/07\/seitenbild5.jpg&#8220; align_tablet=&#8220;center&#8220; align_phone=&#8220;center&#8220; align_last_edited=&#8220;on|desktop&#8220; admin_label=&#8220;Bild&#8220; _builder_version=&#8220;3.23&#8243; animation_style=&#8220;slide&#8220; animation_direction=&#8220;left&#8220; animation_duration=&#8220;500ms&#8220; animation_intensity_slide=&#8220;10%&#8220; global_colors_info=&#8220;{}&#8220;] [\/et_pb_image][et_pb_image src=&#8220;http:\/\/www.sgm-hessheim.de\/wordpress\/wp-content\/uploads\/2015\/07\/seitenbild6.jpg&#8220; align_tablet=&#8220;center&#8220; align_phone=&#8220;center&#8220; align_last_edited=&#8220;on|desktop&#8220; admin_label=&#8220;Bild&#8220; _builder_version=&#8220;3.23&#8243; animation_style=&#8220;slide&#8220; animation_direction=&#8220;left&#8220; animation_duration=&#8220;500ms&#8220; animation_intensity_slide=&#8220;10%&#8220; global_colors_info=&#8220;{}&#8220;][\/et_pb_image][\/et_pb_column][\/et_pb_row][et_pb_row padding_mobile=&#8220;off&#8220; column_padding_mobile=&#8220;on&#8220; admin_label=&#8220;row&#8220; _builder_version=&#8220;3.25&#8243; background_size=&#8220;initial&#8220; background_position=&#8220;top_left&#8220; background_repeat=&#8220;repeat&#8220; custom_padding=&#8220;0px|||&#8220; global_colors_info=&#8220;{}&#8220;][et_pb_column type=&#8220;4_4&#8243; _builder_version=&#8220;3.25&#8243; custom_padding=&#8220;|||&#8220; global_colors_info=&#8220;{}&#8220; custom_padding__hover=&#8220;|||&#8220;][et_pb_text admin_label=&#8220;Text&#8220; _builder_version=&#8220;3.27.4&#8243; background_size=&#8220;initial&#8220; background_position=&#8220;top_left&#8220; background_repeat=&#8220;repeat&#8220; text_orientation=&#8220;justified&#8220; global_colors_info=&#8220;{}&#8220;]<\/p>\n<table>\n<tbody>\n<tr>\n<td><strong>1. Vorsitzender<\/strong><\/td>\n<td>Michael Hieronimus<\/td>\n<td>67258 He\u00dfheim<\/td>\n<td>Hauptstr. 7<\/td>\n<td>Tel.: 0 62 33 \/ 37 52 85<\/td>\n<\/tr>\n<tr>\n<td><strong>Kassenwart<\/strong><\/td>\n<td>Dorothee Kramer-Lutz<\/td>\n<td>67258 He\u00dfheim<\/td>\n<td>Riedstra\u00dfe 5<\/td>\n<td>Tel.: 0 62 33 \/ 7 02 33<\/td>\n<\/tr>\n<tr>\n<td><strong>Schriftf\u00fchrer<\/strong><\/td>\n<td>Klemens Lutz<\/td>\n<td>67258 He\u00dfheim<\/td>\n<td>Riedstra\u00dfe 5<\/td>\n<td>Tel.: 0 62 33 \/ 7 02 33<\/td>\n<\/tr>\n<\/tbody>\n<\/table>\n<p>[\/et_pb_text][\/et_pb_column][\/et_pb_row][\/et_pb_section]<\/p>\n","protected":false},"excerpt":{"rendered":"<p>Im Jahre 1979 gr\u00fcndete Franz-Josef Brossart mit&#8230;<\/p>\n","protected":false},"author":1,"featured_media":0,"parent":0,"menu_order":2,"comment_status":"closed","ping_status":"open","template":"","meta":{"_et_pb_use_builder":"on","_et_pb_old_content":"","_et_gb_content_width":""},"_links":{"self":[{"href":"http:\/\/www.sgm-hessheim.de\/wordpress\/wp-json\/wp\/v2\/pages\/2"}],"collection":[{"href":"http:\/\/www.sgm-hessheim.de\/wordpress\/wp-json\/wp\/v2\/pages"}],"about":[{"href":"http:\/\/www.sgm-hessheim.de\/wordpress\/wp-json\/wp\/v2\/types\/page"}],"author":[{"embeddable":true,"href":"http:\/\/www.sgm-hessheim.de\/wordpress\/wp-json\/wp\/v2\/users\/1"}],"replies":[{"embeddable":true,"href":"http:\/\/www.sgm-hessheim.de\/wordpress\/wp-json\/wp\/v2\/comments?post=2"}],"version-history":[{"count":17,"href":"http:\/\/www.sgm-hessheim.de\/wordpress\/wp-json\/wp\/v2\/pages\/2\/revisions"}],"predecessor-version":[{"id":609,"href":"http:\/\/www.sgm-hessheim.de\/wordpress\/wp-json\/wp\/v2\/pages\/2\/revisions\/609"}],"wp:attachment":[{"href":"http:\/\/www.sgm-hessheim.de\/wordpress\/wp-json\/wp\/v2\/media?parent=2"}],"curies":[{"name":"wp","href":"https:\/\/api.w.org\/{rel}","templated":true}]}}