{"id":185,"date":"2017-06-06T17:07:15","date_gmt":"2017-06-06T15:07:15","guid":{"rendered":"http:\/\/www.sgm-hessheim.de\/wordpress\/?page_id=185"},"modified":"2018-10-19T12:46:52","modified_gmt":"2018-10-19T10:46:52","slug":"windraeder","status":"publish","type":"page","link":"http:\/\/www.sgm-hessheim.de\/wordpress\/windraeder\/","title":{"rendered":"Windr\u00e4der"},"content":{"rendered":"<p>[et_pb_section fb_built=&#8220;1&#8243; transparent_background_fb=&#8220;default&#8220; custom_padding=&#8220;42.4px|30px|42.4px|30px&#8220; admin_label=&#8220;section&#8220; _builder_version=&#8220;3.0.51&#8243;][et_pb_row custom_padding=&#8220;0px|||&#8220; padding_mobile=&#8220;off&#8220; column_padding_mobile=&#8220;on&#8220; parallax_method_1=&#8220;off&#8220; admin_label=&#8220;row&#8220; _builder_version=&#8220;3.0.47&#8243; background_size=&#8220;initial&#8220; background_position=&#8220;top_left&#8220; background_repeat=&#8220;repeat&#8220;][et_pb_column type=&#8220;4_4&#8243; _builder_version=&#8220;3.0.47&#8243; column_padding_mobile=&#8220;on&#8220; parallax=&#8220;off&#8220; parallax_method=&#8220;off&#8220;][et_pb_text admin_label=&#8220;Text&#8220; _builder_version=&#8220;3.0.47&#8243; background_size=&#8220;initial&#8220; background_position=&#8220;top_left&#8220; background_repeat=&#8220;repeat&#8220;]<\/p>\n<p style=\"text-align: justify;\"><strong>\u201e Keine Windr\u00e4der im Bereich der Deponie\u201c<\/strong> <strong>2002 im Fr\u00fchjahr \u2013<\/strong> <strong>die VBG Hessheim weist 2 Vorrangfl\u00e4chen f\u00fcr Windkraftanlagen aus. <\/strong>Die eine zwischen Heuchelheim und Gro\u00dfniedesheim, die andere im Bereich der Deponie. Die <strong>SGM legt am 26.4.2002 Widerspruch<\/strong> gegen die Vorrangfl\u00e4chen f\u00fcr WEA im Umfeld der Deponien ein: <strong> Widerspruchsbegr\u00fcndung: <\/strong> Die noch nicht abgeschlossene Rekultivierung und die unzul\u00e4ssige Nutzung des Deponie-gel\u00e4ndes. Die weitere Belastung der Region und Beeintr\u00e4chtigung der Lebensqualit\u00e4t. Verschandelung des Landschaftsbildes Wertminderung der Privatanwesen am westlichen Ortsrand von He\u00dfheim. Die <strong>SGM veranstaltete am 08.06.2002 eine B\u00fcrgerversammlung mit \u00fcber 200<\/strong> sehr aufge-brachten B\u00fcrger aus He\u00dfheim und den umliegenden Gemeinden, die den geplanten WKA eine deutliche Absage erteilten. Die <strong>SGM <\/strong>war es, die B\u00fcrger erstmals vor Ort \u00fcber die Nutzung, die Wirtschaftlichkeit und die Belastung durch die WKA informierte. Herr Franz-Josef Brossart legte in einem 1- st\u00fcndigen Referat den anwesenden B\u00fcrgern und den Vertretern der Ortsgemeinden\/ Kreis-verwaltung und Politikern aus der Region Fakten vor, die bis dato dem B\u00fcrger vorbehalten wurden. Kooperativ mit der <strong>SGM zeigte sich im Vorfeld die OG-He\u00dfheim mit B\u00fcrgermeister Wegener<\/strong> an der Spitze, die von der Ausweisung dieser Vorrangfl\u00e4che durch die VBG im Deponiebereich ebenfalls \u00fcberrascht wurde und dem Vorhaben ebenfalls eine Absage erteilte. Vom Ortsgemeinderat- He\u00dfheim wurde ein Antrag f\u00fcr \u00c4nderung des Fl\u00e4chennutzungsplanes im Deponiebereich mit Ver\u00e4nderungssperre bei der Kreisverwaltung eingereicht. Diesem Antrag wurde stattgegeben und die Ausgleichsfl\u00e4che im Deponiebereich wurde von der VBG aus der Planung genommen. Leider war es der <strong>SGM aufgrund ihrer Satzung<\/strong> nicht m\u00f6glich eine entsprechende Einflu\u00df-nahme gegen den Bau der beiden Windr\u00e4der ( 2005 ) auf Lambsheimer-Gemarkung ( 800 m vor der Ortsgrenze zu He\u00dfheim zu nehmen).<\/p>\n<p>[\/et_pb_text][\/et_pb_column][\/et_pb_row][et_pb_row admin_label=&#8220;Zeile&#8220; _builder_version=&#8220;3.0.47&#8243; background_size=&#8220;initial&#8220; background_position=&#8220;top_left&#8220; background_repeat=&#8220;repeat&#8220;][et_pb_column type=&#8220;1_2&#8243; _builder_version=&#8220;3.0.47&#8243; parallax=&#8220;off&#8220; parallax_method=&#8220;on&#8220;][et_pb_button button_url=&#8220;http:\/\/www.sgm-hessheim.de\/wordpress\/wp-content\/uploads\/2017\/06\/Windkraft.pdf&#8220; url_new_window=&#8220;on&#8220; button_text=&#8220;PDF: Windkraft Vortrag 06.06.2002&#8243; button_alignment=&#8220;center&#8220; admin_label=&#8220;Taste&#8220; _builder_version=&#8220;3.0.51&#8243; custom_button=&#8220;on&#8220; button_text_color=&#8220;#ffffff&#8220; button_bg_color=&#8220;#e02b20&#8243; button_border_color=&#8220;#890404&#8243; saved_tabs=&#8220;all&#8220; background_color=&#8220;#7EBEC5&#8243;][\/et_pb_button][\/et_pb_column][et_pb_column type=&#8220;1_2&#8243; _builder_version=&#8220;3.0.47&#8243; parallax=&#8220;off&#8220; parallax_method=&#8220;on&#8220;][et_pb_button button_url=&#8220;http:\/\/www.sgm-hessheim.de\/wordpress\/wp-content\/uploads\/2017\/06\/Windkraft2.pdf&#8220; url_new_window=&#8220;on&#8220; button_text=&#8220;PDF: Warum wir keine Windkraft wollen&#8220; button_alignment=&#8220;center&#8220; admin_label=&#8220;Taste&#8220; _builder_version=&#8220;3.0.51&#8243; custom_button=&#8220;on&#8220; button_text_color=&#8220;#ffffff&#8220; button_bg_color=&#8220;#e02b20&#8243; button_border_color=&#8220;#890404&#8243; saved_tabs=&#8220;all&#8220; background_color=&#8220;#7EBEC5&#8243;][\/et_pb_button][\/et_pb_column][\/et_pb_row][\/et_pb_section]<\/p>\n","protected":false},"excerpt":{"rendered":"<p>\u201e Keine Windr\u00e4der im Bereich der Deponie\u201c 2002&#8230;<\/p>\n","protected":false},"author":2,"featured_media":0,"parent":0,"menu_order":0,"comment_status":"closed","ping_status":"closed","template":"","meta":{"_et_pb_use_builder":"on","_et_pb_old_content":"","_et_gb_content_width":""},"_links":{"self":[{"href":"http:\/\/www.sgm-hessheim.de\/wordpress\/wp-json\/wp\/v2\/pages\/185"}],"collection":[{"href":"http:\/\/www.sgm-hessheim.de\/wordpress\/wp-json\/wp\/v2\/pages"}],"about":[{"href":"http:\/\/www.sgm-hessheim.de\/wordpress\/wp-json\/wp\/v2\/types\/page"}],"author":[{"embeddable":true,"href":"http:\/\/www.sgm-hessheim.de\/wordpress\/wp-json\/wp\/v2\/users\/2"}],"replies":[{"embeddable":true,"href":"http:\/\/www.sgm-hessheim.de\/wordpress\/wp-json\/wp\/v2\/comments?post=185"}],"version-history":[{"count":8,"href":"http:\/\/www.sgm-hessheim.de\/wordpress\/wp-json\/wp\/v2\/pages\/185\/revisions"}],"predecessor-version":[{"id":410,"href":"http:\/\/www.sgm-hessheim.de\/wordpress\/wp-json\/wp\/v2\/pages\/185\/revisions\/410"}],"wp:attachment":[{"href":"http:\/\/www.sgm-hessheim.de\/wordpress\/wp-json\/wp\/v2\/media?parent=185"}],"curies":[{"name":"wp","href":"https:\/\/api.w.org\/{rel}","templated":true}]}}